{"id":4381,"date":"2025-06-11T13:33:40","date_gmt":"2025-06-11T11:33:40","guid":{"rendered":"https:\/\/www.hotel-raphael.de\/feuer-lounge\/"},"modified":"2025-06-11T16:51:13","modified_gmt":"2025-06-11T14:51:13","slug":"fire-lounge","status":"publish","type":"page","link":"https:\/\/www.hotel-raphael.de\/en\/fire-lounge\/","title":{"rendered":"Fire Lounge"},"content":{"rendered":"\n\n<header class=\"wp-block-group m2p\">\n\t<div class=\"wp-block-group__inner-container is-layout-constrained wp-block-group-is-layout-constrained\">\n\t\t<div class=\"wp-block-columns gap-15 w100 is-layout-flex wp-container-core-columns-is-layout-1 wp-block-columns-is-layout-flex\">\n\t\t\t<div class=\"wp-block-column is-layout-flow wp-block-column-is-layout-flow titel-textbox\" style=\"flex-basis:30%\">\n\t\t\t\t<div class=\"wp-block-column is-vertically-aligned-bottom w100 bg-darkgrey has-background is-layout-flow wp-block-column-is-layout-flow d-border-radius\" style=\"flex-basis:30%;\">\n\t\t\t\t\t<div class=\"titel-subtitel\">Relax &#038; Enjoy<\/div>\n\t\t\t\t\t<div class=\"titel-block-subpage\">\n\t\t\t\t\t\t<h1 class=\"wp-block-heading\">\n\t\t\t\t\t\t\tFire\t\t\t\t\t\t\t<br>\n\t\t\t\t\t\t\t<strong>Lounge<\/strong>\n\t\t\t\t\t\t<\/h1>\n\t\t\t\t\t\t<img data-src=\"https:\/\/www.hotel-raphael.de\/wp-content\/uploads\/2024\/04\/mountain.png\" class=\" ls-is-cached lazyload\" style=\"width: 132px;\">\n\t\t\t\t\t\t<p style=\"margin-top:0;\">\n\t\t\t\t\t\t\tOur Fire Lounge awaits you for a relaxing end to a busy day. Enjoy laid-back evenings in a stylish ambiance.\t\t\t\t\t\t<\/p>\n\t\t\t\t\t<\/div>\n\t\t\t\t<\/div>\n\t\t\t<\/div>\n\n\n\t\t\t<div class=\"wp-block-column line-height-0 is-layout-flow wp-block-column-is-layout-flow titel-media\" style=\"flex-basis:70%\">\n\t\t\t\t\n\t\t\t\t\t\t\t\t\n\t\t\t\t<video width=\"100%\" height=\"auto\" autoplay=\"\" muted=\"\" loop=\"\" playsinline=\"\" class=\"lazyload d-border-radius\" poster=\"https:\/\/www.hotel-raphael.de\/wp-content\/uploads\/FeuerLounge-1200x666.jpg\" data-src=\"https:\/\/www.hotel-raphael.de\/wp-content\/uploads\/FeuerLounge.mp4\">\n\t\t\t\t<source data-src=\"https:\/\/www.hotel-raphael.de\/wp-content\/uploads\/FeuerLounge.mp4\" type=\"video\/mp4\">\n\t\t\t\tKann nicht abgespielt werden.\n\t\t\t\t<\/video>\n\n\t\t\t\t\t\t\t\t\n\t\t\t<\/div>\n\t\t<\/div>\n\t<\/div>\n<\/header>\n\n\n<section class=\"wp-block-group margin-bottom\"><div class=\"wp-block-group__inner-container is-layout-constrained wp-block-group-is-layout-constrained\">\n<div class=\"wp-block-columns are-vertically-aligned-center is-layout-flex wp-container-core-columns-is-layout-9d6595d7 wp-block-columns-is-layout-flex\">\n<div class=\"wp-block-column is-vertically-aligned-center is-layout-flow wp-block-column-is-layout-flow\" style=\"flex-basis:50%\">\n<div class=\"wp-block-group image-max-width\"><div class=\"wp-block-group__inner-container is-layout-constrained wp-block-group-is-layout-constrained\">    <img data-src=\"https:\/\/www.hotel-raphael.de\/wp-content\/uploads\/FeuerLounge-696x696.jpg\" alt=\"FeuerLounge \" class=\"lazyload testimonial back-image \"\/>\n\n\n \n\n    <img data-src=\"https:\/\/www.hotel-raphael.de\/wp-content\/uploads\/R6__4667-696x683.jpg\" alt=\"R6__4667 \" class=\"lazyload testimonial front-image \"\/>\n\n\n <\/div><\/div>\n<\/div>\n\n\n\n<div class=\"wp-block-column is-vertically-aligned-center is-layout-flow wp-block-column-is-layout-flow\" style=\"flex-basis:50%\">\n<h2 class=\"wp-block-heading\">Relax &amp; Enjoy in our<br><strong>Fire Lounge<\/strong><\/h2>\n\n\n\n<p>The Fire Lounge is <strong>the perfect place to let the day wind down in comfort.<\/strong> It offers numerous opportunities for informal conversations, a good glass of wine, or simply moments of relaxation. Of course, you can also book the Fire Lounge exclusively for your event and create a special setting.<\/p>\n\n\n\n<div class=\"wp-block-buttons is-layout-flex wp-block-buttons-is-layout-flex\">\n<div class=\"wp-block-button\"><a class=\"wp-block-button__link wp-element-button\" href=\"tel:+498315404330\">Reservation: <strong>0831 5404330<\/strong><\/a><\/div>\n\n\n\n<div class=\"wp-block-button\"><a class=\"wp-block-button__link wp-element-button\" href=\"mailto:anfrage@hotel-raphael.de\">Email<\/a><\/div>\n<\/div>\n<\/div>\n<\/div>\n<\/div><\/section>\n\n\n\n<div class=\"wp-block-group margin-bottom\"><div class=\"wp-block-group__inner-container is-layout-constrained wp-block-group-is-layout-constrained\">\n<div class=\"wp-block-columns room-icons bigger-icons is-layout-flex wp-container-core-columns-is-layout-9d6595d7 wp-block-columns-is-layout-flex\">\n<div class=\"wp-block-column is-layout-flow wp-block-column-is-layout-flow\" style=\"flex-basis:20%\">    <img data-src=\"https:\/\/www.hotel-raphael.de\/wp-content\/uploads\/FeuerLounge-2.png\" alt=\"FeuerLounge \" class=\"lazyload testimonial \"\/>\n\n\n \n\n\n<p>Cozy evenings by the fire<\/p>\n<\/div>\n\n\n\n<div class=\"wp-block-column is-layout-flow wp-block-column-is-layout-flow\" style=\"flex-basis:20%\">    <img data-src=\"https:\/\/www.hotel-raphael.de\/wp-content\/uploads\/Gespraeche-1.png\" alt=\"Gespr\u00e4che \" class=\"lazyload testimonial \"\/>\n\n\n \n\n\n<p class=\"grey no-textdeco\">Informal conversations and exchange<\/p>\n<\/div>\n\n\n\n<div class=\"wp-block-column is-layout-flow wp-block-column-is-layout-flow\" style=\"flex-basis:20%\">    <img data-src=\"https:\/\/www.hotel-raphael.de\/wp-content\/uploads\/Events.png\" alt=\"Events \" class=\"lazyload testimonial \"\/>\n\n\n \n\n\n<p class=\"grey no-textdeco\">Available for exclusive events and group bookings<\/p>\n<\/div>\n\n\n\n<div class=\"wp-block-column is-layout-flow wp-block-column-is-layout-flow\" style=\"flex-basis:20%\">    <img data-src=\"https:\/\/www.hotel-raphael.de\/wp-content\/uploads\/Lage.png\" alt=\"Lage \" class=\"lazyload testimonial \"\/>\n\n\n \n\n\n<p class=\"grey no-textdeco\">Retreat in the green heart of Kempten<\/p>\n<\/div>\n\n\n\n<div class=\"wp-block-column is-layout-flow wp-block-column-is-layout-flow\" style=\"flex-basis:20%\">    <img data-src=\"https:\/\/www.hotel-raphael.de\/wp-content\/uploads\/Outdoor.png\" alt=\"Outdoor \" class=\"lazyload testimonial \"\/>\n\n\n \n\n\n<p class=\"grey no-textdeco\">Relaxing outdoor atmosphere<\/p>\n<\/div>\n<\/div>\n<\/div><\/div>\n\n\n\n<section class=\"wp-block-group margin-bottom bg-grey\"><div class=\"wp-block-group__inner-container is-layout-constrained wp-block-group-is-layout-constrained\">\n<div class=\"wp-block-columns  gap-five is-layout-flex wp-container-core-columns-is-layout-9d6595d7 wp-block-columns-is-layout-flex\">\n<div class=\"wp-block-column is-layout-flow wp-block-column-is-layout-flow\" style=\"flex-basis:50%\">\n<h2 class=\"wp-block-heading\">A Place of Relaxation<strong> <\/strong><br><strong>and Connection<\/strong><\/h2>\n\n\n\n<div style=\"height:23px\" aria-hidden=\"true\" class=\"wp-block-spacer\"><\/div>\n\n\n    <img data-src=\"https:\/\/www.hotel-raphael.de\/wp-content\/uploads\/FeuerLounge-1-696x496.jpg\" alt=\"FeuerLounge \" class=\"lazyload testimonial \"\/>\n\n\n <\/div>\n\n\n\n<div class=\"wp-block-column is-layout-flow wp-block-column-is-layout-flow\" style=\"flex-basis:50%\">    <img data-src=\"https:\/\/www.hotel-raphael.de\/wp-content\/uploads\/R6__4817-696x496.jpg\" alt=\"R6__4817 \" class=\"lazyload testimonial \"\/>\n\n\n \n\n\n<p>The Fire Lounge is located in the midst of our idyllic hotel garden and invites you to linger in nature while enjoying the comfort of modern seating. Whether alone, with a partner, or in a group \u2013 every evening here becomes a special experience.<\/p>\n\n\n\n<div class=\"wp-block-buttons is-layout-flex wp-block-buttons-is-layout-flex\">\n<div class=\"wp-block-button\"><a class=\"wp-block-button__link wp-element-button\" href=\"tel:+498315404330\">Reservation: <strong>0831 5404330<\/strong><\/a><\/div>\n\n\n\n<div class=\"wp-block-button\"><a class=\"wp-block-button__link wp-element-button\" href=\"mailto:anfrage@hotel-raphael.de\">EMail<\/a><\/div>\n<\/div>\n<\/div>\n<\/div>\n<\/div><\/section>\n\n\n\n<section class=\"wp-block-group margin-bottom\"><div class=\"wp-block-group__inner-container is-layout-constrained wp-block-group-is-layout-constrained\">\n<div class=\"wp-block-columns flex-end is-layout-flex wp-container-core-columns-is-layout-9d6595d7 wp-block-columns-is-layout-flex\">\n<div class=\"wp-block-column vertikal-text is-layout-flow wp-block-column-is-layout-flow\" style=\"flex-basis:15%\">\n<h2 class=\"wp-block-heading\">Garden &amp;<br><strong>Grill Area<\/strong><\/h2>\n<\/div>\n\n\n\n<div class=\"wp-block-column is-layout-flow wp-block-column-is-layout-flow\" style=\"flex-basis:85%\">\n<div class=\"wp-block-columns gap-zero is-layout-flex wp-container-core-columns-is-layout-9d6595d7 wp-block-columns-is-layout-flex\">\n<div class=\"wp-block-column is-layout-flow wp-block-column-is-layout-flow\" style=\"flex-basis:25%\">\n<div style=\"height:3.5em\" aria-hidden=\"true\" class=\"wp-block-spacer\"><\/div>\n\n\n    <img data-src=\"https:\/\/www.hotel-raphael.de\/wp-content\/uploads\/20220617_132150-486x696.jpg\" alt=\"St. Raphael Gartenschaukel \" class=\"lazyload testimonial \"\/>\n\n\n \n\n    <img data-src=\"https:\/\/www.hotel-raphael.de\/wp-content\/uploads\/Garten-St-Raphael-696x496.jpg\" alt=\"Garten St Raphael \" class=\"lazyload testimonial front-image-two \"\/>\n\n\n <\/div>\n\n\n\n<div class=\"wp-block-column is-layout-flow wp-block-column-is-layout-flow\" style=\"flex-basis:35%\">    <img data-src=\"https:\/\/www.hotel-raphael.de\/wp-content\/uploads\/Lagerfeuer-1-e1718462212913-486x696.jpg\" alt=\"Lagerfeuer \" class=\"lazyload testimonial \"\/>\n\n\n <\/div>\n\n\n\n<div class=\"wp-block-column is-layout-flow wp-block-column-is-layout-flow\" style=\"flex-basis:40%\">\n<div style=\"height:196px\" aria-hidden=\"true\" class=\"wp-block-spacer\"><\/div>\n\n\n    <img data-src=\"https:\/\/www.hotel-raphael.de\/wp-content\/uploads\/GrillArea-696x496.jpg\" alt=\"GrillArea \" class=\"lazyload testimonial \"\/>\n\n\n <\/div>\n<\/div>\n\n\n\n<div class=\"wp-block-columns is-layout-flex wp-container-core-columns-is-layout-9d6595d7 wp-block-columns-is-layout-flex\">\n<div class=\"wp-block-column is-layout-flow wp-block-column-is-layout-flow\" style=\"flex-basis:40%\"><\/div>\n\n\n\n<div class=\"wp-block-column is-layout-flow wp-block-column-is-layout-flow\" style=\"flex-basis:60%\">\n<div style=\"height:23px\" aria-hidden=\"true\" class=\"wp-block-spacer\"><\/div>\n\n\n\n<p>Experience unforgettable moments in our Garden-Club-Lounge with the exclusive grill area as a highlight. Enjoy relaxing barbecue evenings while our kitchen team prepares fresh, regional specialties. Try our innovative Kukki-Cocktails \u2013 a unique experience that will delight your senses.<\/p>\n\n\n\n<div class=\"wp-block-buttons is-layout-flex wp-block-buttons-is-layout-flex\">\n<div class=\"wp-block-button\"><a class=\"wp-block-button__link wp-element-button\" href=\"https:\/\/www.hotel-raphael.de\/tagen-im-gruenen\/\">To the garden<\/a><\/div>\n\n\n\n<div class=\"wp-block-button\"><a class=\"wp-block-button__link wp-element-button\" href=\"https:\/\/www.hotel-raphael.de\/restaurant\/grillen\/\">To the Grilling<\/a><\/div>\n<\/div>\n<\/div>\n<\/div>\n<\/div>\n<\/div>\n<\/div><\/section>\n\n\n\n<section class=\"wp-block-group margin-bottom bg-grey\"><div class=\"wp-block-group__inner-container is-layout-constrained wp-block-group-is-layout-constrained\">\n<div class=\"wp-block-columns is-layout-flex wp-container-core-columns-is-layout-9d6595d7 wp-block-columns-is-layout-flex\">\n<div class=\"wp-block-column is-layout-flow wp-block-column-is-layout-flow\">\n<h2 class=\"wp-block-heading\">Event anfragen &amp;<br><strong>Aufenthalt buchen<\/strong><\/h2>\n\n\n\n<form action=\"https:\/\/v4.ibe.dirs21.de\/channels\/st-raphael-im-allgaeude\/\" class=\"booking-form\">\n\n<div class=\"date-field\">\n\t<label for=\"anreise\">Anreise<\/label>\n\t<input type=\"Date\" value=\"2026-05-07\" name=\"arrival\" id=\"anreise\" placeholder=\"Anreise\" required \/>\n<\/div>\n\n<div class=\"date-field\">\n\t<label for=\"abreise\">Abreise<\/label>\t\n\t<input type=\"Date\" value=\"2026-05-07\" name=\"departure\" id=\"abreise\" placeholder=\"Abreise\" required \/>\n<\/div>\n\t\n<select id=\"personen\" name=\"room\" placeholder=\"Personen\">\n  <option value=\"a\">1 Person<\/option>\n  <option value=\"a,a\">2 Personen<\/option>\n<\/select>\n<input type=\"submit\" class=\"booking-submit\">\n<\/form>\n\n\n\n\n<div style=\"height:18px\" aria-hidden=\"true\" class=\"wp-block-spacer\"><\/div>\n\n\n\n<div class=\"wp-block-columns is-layout-flex wp-container-core-columns-is-layout-9d6595d7 wp-block-columns-is-layout-flex\">\n<div class=\"wp-block-column is-layout-flow wp-block-column-is-layout-flow\" style=\"flex-basis:50%\">\n<p>Gerne \u00fcbernehmen wir f\u00fcr Sie die komplette Organisation Ihrer Veranstaltung unter Ber\u00fccksichtigung Ihrer Vorstellungen &#8211; von kulinarischen K\u00f6stlichkeiten \u00fcber die festliche Dekoration bis hin zur komfortablen Unterbringung Ihrer G\u00e4ste. Unser Event-Team unterst\u00fctzt Sie gerne, Ihren gro\u00dfen Tag zu einem ganz besonderen Erlebnis zu machen!<\/p>\n\n\n\n<div class=\"wp-block-buttons is-layout-flex wp-block-buttons-is-layout-flex\">\n<div class=\"wp-block-button\"><a class=\"wp-block-button__link wp-element-button\" href=\"https:\/\/www.hotel-raphael.de\/kontakt\/anfragen\/\">Tagung Anfragen<\/a><\/div>\n\n\n\n<div class=\"wp-block-button\"><a class=\"wp-block-button__link wp-element-button\" href=\"tel:+498315404330\">0831 5404 330<\/a><\/div>\n<\/div>\n<\/div>\n\n\n\n<div class=\"wp-block-column is-layout-flow wp-block-column-is-layout-flow\" style=\"flex-basis:33.33%\"><\/div>\n<\/div>\n<\/div>\n<\/div>\n<\/div><\/section>\n","protected":false},"excerpt":{"rendered":"<p>Relax &amp; Enjoy in ourFire Lounge The Fire Lounge is the perfect place to let the day wind down in comfort. It offers numerous opportunities for informal conversations, a good glass of wine, or simply moments of relaxation. Of course, you can also book the Fire Lounge exclusively for your event and create a special [&hellip;]<\/p>\n","protected":false},"author":1,"featured_media":4351,"parent":0,"menu_order":0,"comment_status":"closed","ping_status":"closed","template":"","meta":{"_acf_changed":false,"footnotes":""},"class_list":["post-4381","page","type-page","status-publish","has-post-thumbnail","hentry"],"acf":[],"_links":{"self":[{"href":"https:\/\/www.hotel-raphael.de\/en\/wp-json\/wp\/v2\/pages\/4381","targetHints":{"allow":["GET"]}}],"collection":[{"href":"https:\/\/www.hotel-raphael.de\/en\/wp-json\/wp\/v2\/pages"}],"about":[{"href":"https:\/\/www.hotel-raphael.de\/en\/wp-json\/wp\/v2\/types\/page"}],"author":[{"embeddable":true,"href":"https:\/\/www.hotel-raphael.de\/en\/wp-json\/wp\/v2\/users\/1"}],"replies":[{"embeddable":true,"href":"https:\/\/www.hotel-raphael.de\/en\/wp-json\/wp\/v2\/comments?post=4381"}],"version-history":[{"count":1,"href":"https:\/\/www.hotel-raphael.de\/en\/wp-json\/wp\/v2\/pages\/4381\/revisions"}],"predecessor-version":[{"id":4383,"href":"https:\/\/www.hotel-raphael.de\/en\/wp-json\/wp\/v2\/pages\/4381\/revisions\/4383"}],"wp:featuredmedia":[{"embeddable":true,"href":"https:\/\/www.hotel-raphael.de\/en\/wp-json\/wp\/v2\/media\/4351"}],"wp:attachment":[{"href":"https:\/\/www.hotel-raphael.de\/en\/wp-json\/wp\/v2\/media?parent=4381"}],"curies":[{"name":"wp","href":"https:\/\/api.w.org\/{rel}","templated":true}]}}